{"id":434,"date":"2024-06-27T18:03:50","date_gmt":"2024-06-27T16:03:50","guid":{"rendered":"https:\/\/les-jardins-d-anna.fr\/?page_id=434"},"modified":"2024-11-27T17:11:45","modified_gmt":"2024-11-27T16:11:45","slug":"elagage-abattage","status":"publish","type":"page","link":"https:\/\/les-jardins-d-anna.fr\/index.php\/elagage-abattage\/","title":{"rendered":"Elagage \/ abattage"},"content":{"rendered":"<p>[et_pb_section fb_built=\u00a0\u00bb1&Prime; _builder_version=\u00a0\u00bb4.25.2&Prime; background_color=\u00a0\u00bb#1a2940&Prime; background_image=\u00a0\u00bbhttps:\/\/les-jardins-d-anna.fr\/wp-content\/uploads\/2024\/06\/WhatsApp-Image-2024-06-04-at-14.37.35.jpeg\u00a0\u00bb background_size=\u00a0\u00bbinitial\u00a0\u00bb background_repeat=\u00a0\u00bbrepeat\u00a0\u00bb custom_margin=\u00a0\u00bb||-50px||false|false\u00a0\u00bb custom_padding=\u00a0\u00bb100px||0px||false|false\u00a0\u00bb hover_enabled=\u00a0\u00bb0&Prime; global_colors_info=\u00a0\u00bb{}\u00a0\u00bb title_text=\u00a0\u00bbWhatsApp Image 2024-06-04 at 14.37.35&Prime; background_position=\u00a0\u00bbbottom_center\u00a0\u00bb sticky_enabled=\u00a0\u00bb0&Prime;][et_pb_row use_custom_gutter=\u00a0\u00bbon\u00a0\u00bb make_equal=\u00a0\u00bbon\u00a0\u00bb _builder_version=\u00a0\u00bb4.16&Prime; max_width=\u00a0\u00bb1170px\u00a0\u00bb custom_padding=\u00a0\u00bb||0px||false|false\u00a0\u00bb global_colors_info=\u00a0\u00bb{}\u00a0\u00bb][et_pb_column type=\u00a0\u00bb4_4&Prime; _builder_version=\u00a0\u00bb4.16&Prime; global_colors_info=\u00a0\u00bb{}\u00a0\u00bb][et_pb_text module_class=\u00a0\u00bbdct_header\u00a0\u00bb _builder_version=\u00a0\u00bb4.25.2&Prime; text_font=\u00a0\u00bbMontserrat||||||||\u00a0\u00bb text_orientation=\u00a0\u00bbcenter\u00a0\u00bb text_text_align=\u00a0\u00bbcenter\u00a0\u00bb global_colors_info=\u00a0\u00bb{}\u00a0\u00bb]<\/p>\n<h1>Services<\/h1>\n<ul>\n<li><a href=\"https:\/\/les-jardins-d-anna.fr\/\">Accueil<\/a><\/li>\n<li><span style=\"color: #339966;\">Elagage \/ abattage<\/span><\/li>\n<\/ul>\n<p>[\/et_pb_text][\/et_pb_column][\/et_pb_row][\/et_pb_section][et_pb_section fb_built=\u00a0\u00bb1&Prime; make_equal=\u00a0\u00bbon\u00a0\u00bb use_custom_gutter=\u00a0\u00bbon\u00a0\u00bb gutter_width=\u00a0\u00bb2&Prime; specialty=\u00a0\u00bbon\u00a0\u00bb module_id=\u00a0\u00bbdct_service_detail_v2&Prime; _builder_version=\u00a0\u00bb4.16&Prime; _module_preset=\u00a0\u00bbdefault\u00a0\u00bb inner_width=\u00a0\u00bb90%\u00a0\u00bb inner_max_width=\u00a0\u00bb1170px\u00a0\u00bb custom_padding=\u00a0\u00bb50px||||false|false\u00a0\u00bb global_colors_info=\u00a0\u00bb{}\u00a0\u00bb][et_pb_column type=\u00a0\u00bb1_4&Prime; _builder_version=\u00a0\u00bb4.16&Prime; custom_padding=\u00a0\u00bb|||\u00a0\u00bb global_colors_info=\u00a0\u00bb{}\u00a0\u00bb custom_padding__hover=\u00a0\u00bb|||\u00a0\u00bb][et_pb_button button_url=\u00a0\u00bb@ET-DC@eyJkeW5hbWljIjp0cnVlLCJjb250ZW50IjoicG9zdF9saW5rX3VybF9wYWdlIiwic2V0dGluZ3MiOnsicG9zdF9pZCI6IjgyIiwiZW5hYmxlX2h0bWwiOiJvZmYifX0=@\u00a0\u00bb button_text=\u00a0\u00bbEntretien\u00a0\u00bb button_alignment=\u00a0\u00bbleft\u00a0\u00bb _builder_version=\u00a0\u00bb4.25.2&Prime; _dynamic_attributes=\u00a0\u00bbbutton_url\u00a0\u00bb _module_preset=\u00a0\u00bbdefault\u00a0\u00bb custom_button=\u00a0\u00bbon\u00a0\u00bb button_text_size=\u00a0\u00bb18px\u00a0\u00bb button_text_color=\u00a0\u00bb#ffffff\u00a0\u00bb button_bg_color=\u00a0\u00bb#95C11F\u00a0\u00bb button_border_color=\u00a0\u00bb#f5f5f5&Prime; button_border_radius=\u00a0\u00bb5px\u00a0\u00bb button_icon=\u00a0\u00bb&#x2b;||divi||400&Prime; button_on_hover=\u00a0\u00bboff\u00a0\u00bb custom_margin=\u00a0\u00bb||5px||false|false\u00a0\u00bb custom_padding=\u00a0\u00bb15px|30px|15px|20px|true|false\u00a0\u00bb custom_css_main_element=\u00a0\u00bbdisplay: block;||width: 100%;background:var(&#8211;color-2);\u00a0\u00bb custom_css_after=\u00a0\u00bbright: 15px;\u00a0\u00bb global_colors_info=\u00a0\u00bb{}\u00a0\u00bb custom_css_main_element__hover_enabled=\u00a0\u00bbon|hover\u00a0\u00bb custom_css_main_element__hover=\u00a0\u00bbbackground:var(&#8211;color-1) !important;\u00a0\u00bb][\/et_pb_button][et_pb_button button_url=\u00a0\u00bbhttps:\/\/les-jardins-d-anna.fr\/index.php\/amenagement-exterieur\/\u00a0\u00bb button_text=\u00a0\u00bbAm\u00e9nagement ext\u00e9rieur\u00a0\u00bb button_alignment=\u00a0\u00bbleft\u00a0\u00bb _builder_version=\u00a0\u00bb4.25.2&Prime; _module_preset=\u00a0\u00bbdefault\u00a0\u00bb custom_button=\u00a0\u00bbon\u00a0\u00bb button_text_size=\u00a0\u00bb18px\u00a0\u00bb button_text_color=\u00a0\u00bb#ffffff\u00a0\u00bb button_bg_color=\u00a0\u00bb#95C11F\u00a0\u00bb button_border_color=\u00a0\u00bb#f5f5f5&Prime; button_border_radius=\u00a0\u00bb5px\u00a0\u00bb button_icon=\u00a0\u00bb&#x2b;||divi||400&Prime; button_on_hover=\u00a0\u00bboff\u00a0\u00bb custom_margin=\u00a0\u00bb||5px||false|false\u00a0\u00bb custom_padding=\u00a0\u00bb15px|30px|15px|20px|true|false\u00a0\u00bb custom_css_main_element=\u00a0\u00bbdisplay: block;||width: 100%;background:var(&#8211;color-2);\u00a0\u00bb custom_css_after=\u00a0\u00bbright: 15px;\u00a0\u00bb global_colors_info=\u00a0\u00bb{}\u00a0\u00bb custom_css_main_element__hover_enabled=\u00a0\u00bbon|hover\u00a0\u00bb custom_css_main_element__hover=\u00a0\u00bbbackground:var(&#8211;color-1) !important;\u00a0\u00bb][\/et_pb_button][et_pb_button button_url=\u00a0\u00bbhttps:\/\/les-jardins-d-anna.fr\/index.php\/elagage-abattage\/\u00a0\u00bb button_text=\u00a0\u00bbElagage \/ abattage\u00a0\u00bb button_alignment=\u00a0\u00bbleft\u00a0\u00bb _builder_version=\u00a0\u00bb4.25.2&Prime; _module_preset=\u00a0\u00bbdefault\u00a0\u00bb custom_button=\u00a0\u00bbon\u00a0\u00bb button_text_size=\u00a0\u00bb18px\u00a0\u00bb button_text_color=\u00a0\u00bb#ffffff\u00a0\u00bb button_bg_color=\u00a0\u00bb#262440&Prime; button_border_color=\u00a0\u00bb#f5f5f5&Prime; button_border_radius=\u00a0\u00bb5px\u00a0\u00bb button_icon=\u00a0\u00bb&#x2b;||divi||400&Prime; button_on_hover=\u00a0\u00bboff\u00a0\u00bb custom_margin=\u00a0\u00bb||5px||false|false\u00a0\u00bb custom_padding=\u00a0\u00bb15px|30px|15px|20px|true|false\u00a0\u00bb custom_css_main_element=\u00a0\u00bbdisplay: block;||width: 100%;background:var(&#8211;color-2);\u00a0\u00bb custom_css_after=\u00a0\u00bbright: 15px;\u00a0\u00bb global_colors_info=\u00a0\u00bb{}\u00a0\u00bb custom_css_main_element__hover_enabled=\u00a0\u00bbon|hover\u00a0\u00bb custom_css_main_element__hover=\u00a0\u00bbbackground:var(&#8211;color-1) !important;\u00a0\u00bb][\/et_pb_button][et_pb_button button_url=\u00a0\u00bbhttps:\/\/les-jardins-d-anna.fr\/index.php\/coaching\/\u00a0\u00bb button_text=\u00a0\u00bbCoaching\u00a0\u00bb button_alignment=\u00a0\u00bbleft\u00a0\u00bb _builder_version=\u00a0\u00bb4.25.2&Prime; _module_preset=\u00a0\u00bbdefault\u00a0\u00bb custom_button=\u00a0\u00bbon\u00a0\u00bb button_text_size=\u00a0\u00bb18px\u00a0\u00bb button_text_color=\u00a0\u00bb#ffffff\u00a0\u00bb button_border_color=\u00a0\u00bb#f5f5f5&Prime; button_border_radius=\u00a0\u00bb5px\u00a0\u00bb button_icon=\u00a0\u00bb&#x2b;||divi||400&Prime; button_on_hover=\u00a0\u00bboff\u00a0\u00bb custom_margin=\u00a0\u00bb||5px||false|false\u00a0\u00bb custom_padding=\u00a0\u00bb15px|30px|15px|20px|true|false\u00a0\u00bb custom_css_main_element=\u00a0\u00bbdisplay: block;||width: 100%;background:var(&#8211;color-2);\u00a0\u00bb custom_css_after=\u00a0\u00bbright: 15px;\u00a0\u00bb global_colors_info=\u00a0\u00bb{}\u00a0\u00bb custom_css_main_element__hover_enabled=\u00a0\u00bbon|hover\u00a0\u00bb custom_css_main_element__hover=\u00a0\u00bbbackground:var(&#8211;color-1) !important;\u00a0\u00bb][\/et_pb_button][et_pb_blurb title=\u00a0\u00bbContactez-nous\u00a0\u00bb url=\u00a0\u00bbtel:0667040682&Prime; use_icon=\u00a0\u00bbon\u00a0\u00bb font_icon=\u00a0\u00bb&#xe090;||divi||400&Prime; icon_color=\u00a0\u00bb#ffffff\u00a0\u00bb icon_placement=\u00a0\u00bbleft\u00a0\u00bb _builder_version=\u00a0\u00bb4.25.2&Prime; _module_preset=\u00a0\u00bbdefault\u00a0\u00bb header_font=\u00a0\u00bb|600||on|||||\u00a0\u00bb header_text_color=\u00a0\u00bb#ffffff\u00a0\u00bb body_text_color=\u00a0\u00bb#ffffff\u00a0\u00bb body_font_size=\u00a0\u00bb17px\u00a0\u00bb custom_padding=\u00a0\u00bb30px|20px|30px|20px|true|true\u00a0\u00bb custom_css_main_element=\u00a0\u00bbbackground:var(&#8211;color-1);\u00a0\u00bb border_radii=\u00a0\u00bbon|10px|10px|10px|10px\u00a0\u00bb global_colors_info=\u00a0\u00bb{}\u00a0\u00bb]<\/p>\n<p>06.67.04.06.82<\/p>\n<p>[\/et_pb_blurb][\/et_pb_column][et_pb_column type=\u00a0\u00bb3_4&Prime; specialty_columns=\u00a0\u00bb3&Prime; _builder_version=\u00a0\u00bb4.16&Prime; custom_padding=\u00a0\u00bb|||\u00a0\u00bb global_colors_info=\u00a0\u00bb{}\u00a0\u00bb custom_padding__hover=\u00a0\u00bb|||\u00a0\u00bb][et_pb_row_inner _builder_version=\u00a0\u00bb4.16&Prime; _module_preset=\u00a0\u00bbdefault\u00a0\u00bb global_colors_info=\u00a0\u00bb{}\u00a0\u00bb][et_pb_column_inner saved_specialty_column_type=\u00a0\u00bb3_4&Prime; _builder_version=\u00a0\u00bb4.16&Prime; _module_preset=\u00a0\u00bbdefault\u00a0\u00bb global_colors_info=\u00a0\u00bb{}\u00a0\u00bb][et_pb_image src=\u00a0\u00bbhttps:\/\/les-jardins-d-anna.fr\/wp-content\/uploads\/2024\/06\/WhatsApp-Image-2024-06-04-at-14.37.35.jpeg\u00a0\u00bb title_text=\u00a0\u00bbWhatsApp Image 2024-06-04 at 14.37.35&Prime; force_fullwidth=\u00a0\u00bbon\u00a0\u00bb _builder_version=\u00a0\u00bb4.25.2&Prime; _module_preset=\u00a0\u00bbdefault\u00a0\u00bb hover_enabled=\u00a0\u00bb0&Prime; global_colors_info=\u00a0\u00bb{}\u00a0\u00bb sticky_enabled=\u00a0\u00bb0&Prime;][\/et_pb_image][et_pb_text _builder_version=\u00a0\u00bb4.25.2&Prime; _module_preset=\u00a0\u00bbdefault\u00a0\u00bb text_line_height=\u00a0\u00bb27px\u00a0\u00bb text_orientation=\u00a0\u00bbjustified\u00a0\u00bb custom_css_main_element=\u00a0\u00bbfont-weight:400;\u00a0\u00bb global_colors_info=\u00a0\u00bb{}\u00a0\u00bb]<\/p>\n<p>Les Jardins d&rsquo;Anna offre des services professionnels d&rsquo;\u00e9lagage et d&rsquo;abattage d&rsquo;arbres. Nous veillons \u00e0 la sant\u00e9 et \u00e0 la s\u00e9curit\u00e9 de vos arbres tout en assurant la s\u00e9curit\u00e9 de votre propri\u00e9t\u00e9.<\/p>\n<h4><\/h4>\n<h4><\/h4>\n<h4><\/h4>\n<p>[\/et_pb_text][\/et_pb_column_inner][\/et_pb_row_inner][et_pb_row_inner column_structure=\u00a0\u00bb1_2,1_2&Prime; module_id=\u00a0\u00bbdct_about_v1&Prime; _builder_version=\u00a0\u00bb4.16&Prime; _module_preset=\u00a0\u00bbdefault\u00a0\u00bb custom_padding=\u00a0\u00bb||8px|||\u00a0\u00bb global_colors_info=\u00a0\u00bb{}\u00a0\u00bb][et_pb_column_inner type=\u00a0\u00bb1_2&Prime; saved_specialty_column_type=\u00a0\u00bb3_4&Prime; _builder_version=\u00a0\u00bb4.16&Prime; _module_preset=\u00a0\u00bbdefault\u00a0\u00bb global_colors_info=\u00a0\u00bb{}\u00a0\u00bb][et_pb_text module_class=\u00a0\u00bbdc_title\u00a0\u00bb _builder_version=\u00a0\u00bb4.25.2&Prime; header_2_font=\u00a0\u00bbMontserrat||||||||\u00a0\u00bb custom_margin=\u00a0\u00bb-25px||||false|false\u00a0\u00bb locked=\u00a0\u00bboff\u00a0\u00bb global_colors_info=\u00a0\u00bb{}\u00a0\u00bb]<\/p>\n<h2>Avantages<\/h2>\n<p>[\/et_pb_text][et_pb_blurb use_icon=\u00a0\u00bbon\u00a0\u00bb font_icon=\u00a0\u00bb&#xe052;||divi||400&Prime; icon_placement=\u00a0\u00bbleft\u00a0\u00bb image_icon_width=\u00a0\u00bb25px\u00a0\u00bb module_class=\u00a0\u00bbdct_icon\u00a0\u00bb _builder_version=\u00a0\u00bb4.25.2&Prime; _module_preset=\u00a0\u00bbdefault\u00a0\u00bb body_font_size=\u00a0\u00bb16px\u00a0\u00bb custom_css_blurb_content=\u00a0\u00bbfont-weight:400;\u00a0\u00bb icon_font_size=\u00a0\u00bb25px\u00a0\u00bb global_colors_info=\u00a0\u00bb{}\u00a0\u00bb]<\/p>\n<p><strong>S\u00e9curit\u00e9 avant tout<\/strong> : Nous suivons des protocoles stricts pour assurer la s\u00e9curit\u00e9 lors de nos interventions.<\/p>\n<p>[\/et_pb_blurb][et_pb_blurb use_icon=\u00a0\u00bbon\u00a0\u00bb font_icon=\u00a0\u00bb&#xe052;||divi||400&Prime; icon_placement=\u00a0\u00bbleft\u00a0\u00bb image_icon_width=\u00a0\u00bb25px\u00a0\u00bb module_class=\u00a0\u00bbdct_icon\u00a0\u00bb _builder_version=\u00a0\u00bb4.25.2&Prime; _module_preset=\u00a0\u00bbdefault\u00a0\u00bb body_font_size=\u00a0\u00bb16px\u00a0\u00bb custom_css_blurb_content=\u00a0\u00bbfont-weight:400;\u00a0\u00bb icon_font_size=\u00a0\u00bb25px\u00a0\u00bb global_colors_info=\u00a0\u00bb{}\u00a0\u00bb]<\/p>\n<p><strong>Sant\u00e9 des arbres<\/strong> : Nos techniques d&rsquo;\u00e9lagage favorisent la sant\u00e9 et la croissance des arbres.<\/p>\n<p>[\/et_pb_blurb][et_pb_blurb use_icon=\u00a0\u00bbon\u00a0\u00bb font_icon=\u00a0\u00bb&#xe052;||divi||400&Prime; icon_placement=\u00a0\u00bbleft\u00a0\u00bb image_icon_width=\u00a0\u00bb25px\u00a0\u00bb module_class=\u00a0\u00bbdct_icon\u00a0\u00bb _builder_version=\u00a0\u00bb4.25.2&Prime; _module_preset=\u00a0\u00bbdefault\u00a0\u00bb body_font_size=\u00a0\u00bb16px\u00a0\u00bb custom_css_blurb_content=\u00a0\u00bbfont-weight:400;\u00a0\u00bb icon_font_size=\u00a0\u00bb25px\u00a0\u00bb global_colors_info=\u00a0\u00bb{}\u00a0\u00bb]<\/p>\n<p><strong>\u00c9quipe qualifi\u00e9e<\/strong> : Nos arboristes sont form\u00e9s et exp\u00e9riment\u00e9s dans l&rsquo;\u00e9lagage et l&rsquo;abattage.<\/p>\n<p>[\/et_pb_blurb][et_pb_blurb use_icon=\u00a0\u00bbon\u00a0\u00bb font_icon=\u00a0\u00bb&#xe052;||divi||400&Prime; icon_placement=\u00a0\u00bbleft\u00a0\u00bb image_icon_width=\u00a0\u00bb25px\u00a0\u00bb module_class=\u00a0\u00bbdct_icon\u00a0\u00bb _builder_version=\u00a0\u00bb4.25.2&Prime; _module_preset=\u00a0\u00bbdefault\u00a0\u00bb body_font_size=\u00a0\u00bb16px\u00a0\u00bb custom_css_blurb_content=\u00a0\u00bbfont-weight:400;\u00a0\u00bb icon_font_size=\u00a0\u00bb25px\u00a0\u00bb global_colors_info=\u00a0\u00bb{}\u00a0\u00bb]<\/p>\n<p><strong>\u00c9quipement sp\u00e9cialis\u00e9<\/strong> : Nous utilisons des \u00e9quipements de pointe pour un travail efficace et s\u00e9curis\u00e9.<\/p>\n<p>[\/et_pb_blurb][et_pb_blurb use_icon=\u00a0\u00bbon\u00a0\u00bb font_icon=\u00a0\u00bb&#xe052;||divi||400&Prime; icon_placement=\u00a0\u00bbleft\u00a0\u00bb image_icon_width=\u00a0\u00bb25px\u00a0\u00bb module_class=\u00a0\u00bbdct_icon\u00a0\u00bb _builder_version=\u00a0\u00bb4.25.2&Prime; _module_preset=\u00a0\u00bbdefault\u00a0\u00bb body_font_size=\u00a0\u00bb16px\u00a0\u00bb custom_css_blurb_content=\u00a0\u00bbfont-weight:400;\u00a0\u00bb icon_font_size=\u00a0\u00bb25px\u00a0\u00bb global_colors_info=\u00a0\u00bb{}\u00a0\u00bb]<\/p>\n<p><strong>Gestion des d\u00e9chets<\/strong> : Nous nous occupons de l&rsquo;enl\u00e8vement et du recyclage des d\u00e9chets verts.<\/p>\n<h4><\/h4>\n<p>[\/et_pb_blurb][\/et_pb_column_inner][et_pb_column_inner type=\u00a0\u00bb1_2&Prime; saved_specialty_column_type=\u00a0\u00bb3_4&Prime; module_id=\u00a0\u00bbdct_faq\u00a0\u00bb _builder_version=\u00a0\u00bb4.16&Prime; _module_preset=\u00a0\u00bbdefault\u00a0\u00bb global_colors_info=\u00a0\u00bb{}\u00a0\u00bb][et_pb_text module_class=\u00a0\u00bbdc_title\u00a0\u00bb _builder_version=\u00a0\u00bb4.25.2&Prime; header_2_font=\u00a0\u00bbMontserrat||||||||\u00a0\u00bb custom_margin=\u00a0\u00bb-25px||||false|false\u00a0\u00bb locked=\u00a0\u00bboff\u00a0\u00bb global_colors_info=\u00a0\u00bb{}\u00a0\u00bb]<\/p>\n<h2>Foire aux questions<\/h2>\n<p>[\/et_pb_text][et_pb_accordion open_toggle_background_color=\u00a0\u00bb#ffffff\u00a0\u00bb _builder_version=\u00a0\u00bb4.25.2&Prime; toggle_font=\u00a0\u00bbPoppins||||||||\u00a0\u00bb closed_toggle_font=\u00a0\u00bbPoppins||||||||\u00a0\u00bb body_font_size=\u00a0\u00bb15px\u00a0\u00bb custom_css_toggle_content=\u00a0\u00bbfont-weight:400;\u00a0\u00bb global_colors_info=\u00a0\u00bb{}\u00a0\u00bb][et_pb_accordion_item title=\u00a0\u00bbQuand est-il n\u00e9cessaire d&rsquo;\u00e9laguer un arbre?\u00a0\u00bb open=\u00a0\u00bbon\u00a0\u00bb _builder_version=\u00a0\u00bb4.25.2&Prime; body_font_size=\u00a0\u00bb15px\u00a0\u00bb global_colors_info=\u00a0\u00bb{}\u00a0\u00bb]<\/p>\n<p>L&rsquo;\u00e9lagage est recommand\u00e9 pour enlever les branches mortes, favoriser la croissance, ou pour des raisons de s\u00e9curit\u00e9. La fr\u00e9quence d\u00e9pend de l&rsquo;esp\u00e8ce de l&rsquo;arbre.<\/p>\n<p>[\/et_pb_accordion_item][et_pb_accordion_item title=\u00a0\u00bbEst-il possible de sauver un arbre malade ou endommag\u00e9?\u00a0\u00bb _builder_version=\u00a0\u00bb4.25.2&Prime; global_colors_info=\u00a0\u00bb{}\u00a0\u00bb open=\u00a0\u00bboff\u00a0\u00bb]<\/p>\n<p>Dans certains cas, oui. Nos experts \u00e9valueront la situation et recommanderont le meilleur traitement.<\/p>\n<p>[\/et_pb_accordion_item][et_pb_accordion_item title=\u00a0\u00bbQuels sont les co\u00fbts associ\u00e9s \u00e0 l&rsquo;\u00e9lagage ou \u00e0 l&rsquo;abattage d&rsquo;arbres?\u00a0\u00bb _builder_version=\u00a0\u00bb4.25.2&Prime; global_colors_info=\u00a0\u00bb{}\u00a0\u00bb open=\u00a0\u00bboff\u00a0\u00bb]<\/p>\n<p>Les co\u00fbts varient selon la taille, l&rsquo;accessibilit\u00e9 et la complexit\u00e9 du travail. Un devis pr\u00e9cis sera fourni apr\u00e8s \u00e9valuation.<\/p>\n<p>[\/et_pb_accordion_item][\/et_pb_accordion][\/et_pb_column_inner][\/et_pb_row_inner][et_pb_row_inner _builder_version=\u00a0\u00bb4.16&Prime; _module_preset=\u00a0\u00bbdefault\u00a0\u00bb custom_padding=\u00a0\u00bb0px||||false|false\u00a0\u00bb global_colors_info=\u00a0\u00bb{}\u00a0\u00bb][et_pb_column_inner saved_specialty_column_type=\u00a0\u00bb3_4&Prime; _builder_version=\u00a0\u00bb4.16&Prime; _module_preset=\u00a0\u00bbdefault\u00a0\u00bb global_colors_info=\u00a0\u00bb{}\u00a0\u00bb][et_pb_text _builder_version=\u00a0\u00bb4.25.2&Prime; _module_preset=\u00a0\u00bbdefault\u00a0\u00bb text_line_height=\u00a0\u00bb27px\u00a0\u00bb text_orientation=\u00a0\u00bbjustified\u00a0\u00bb custom_css_main_element=\u00a0\u00bbfont-weight:400;\u00a0\u00bb global_colors_info=\u00a0\u00bb{}\u00a0\u00bb]<\/p>\n<p>Pour l&rsquo;\u00e9lagage et l&rsquo;abattage d&rsquo;arbres, faites confiance \u00e0 Les Jardins d&rsquo;Anna. Notre \u00e9quipe exp\u00e9riment\u00e9e et \u00e9quip\u00e9e vous garantit des interventions s\u00e9curis\u00e9es et respectueuses de l&rsquo;environnement. Ne prenez pas de risques avec vos arbres et votre propri\u00e9t\u00e9. Contactez-nous d\u00e8s maintenant pour un diagnostic gratuit et une intervention rapide.<\/p>\n<h3><\/h3>\n<h3><\/h3>\n<h3><\/h3>\n<h3><\/h3>\n<p>[\/et_pb_text][\/et_pb_column_inner][\/et_pb_row_inner][\/et_pb_column][\/et_pb_section]<\/p>\n","protected":false},"excerpt":{"rendered":"<p>Services Accueil Elagage \/ abattage 06.67.04.06.82Les Jardins d&rsquo;Anna offre des services professionnels d&rsquo;\u00e9lagage et d&rsquo;abattage d&rsquo;arbres. Nous veillons \u00e0 la sant\u00e9 et \u00e0 la s\u00e9curit\u00e9 de vos arbres tout en assurant la s\u00e9curit\u00e9 de votre propri\u00e9t\u00e9. AvantagesS\u00e9curit\u00e9 avant tout : Nous suivons des protocoles stricts pour assurer la s\u00e9curit\u00e9 lors de nos interventions.Sant\u00e9 des arbres [&hellip;]<\/p>\n","protected":false},"author":1,"featured_media":0,"parent":0,"menu_order":0,"comment_status":"closed","ping_status":"closed","template":"","meta":{"_et_pb_use_builder":"on","_et_pb_old_content":"","_et_gb_content_width":"","two_page_speed":{"current_score":{"desktop_score":73,"desktop_tti":"1.4\u00a0","mobile_score":39,"mobile_tti":"9.8\u00a0","date":"27.11.2024 05:12:20 pm","status":"completed"}},"footnotes":""},"class_list":["post-434","page","type-page","status-publish","hentry"],"_links":{"self":[{"href":"https:\/\/les-jardins-d-anna.fr\/index.php\/wp-json\/wp\/v2\/pages\/434","targetHints":{"allow":["GET"]}}],"collection":[{"href":"https:\/\/les-jardins-d-anna.fr\/index.php\/wp-json\/wp\/v2\/pages"}],"about":[{"href":"https:\/\/les-jardins-d-anna.fr\/index.php\/wp-json\/wp\/v2\/types\/page"}],"author":[{"embeddable":true,"href":"https:\/\/les-jardins-d-anna.fr\/index.php\/wp-json\/wp\/v2\/users\/1"}],"replies":[{"embeddable":true,"href":"https:\/\/les-jardins-d-anna.fr\/index.php\/wp-json\/wp\/v2\/comments?post=434"}],"version-history":[{"count":5,"href":"https:\/\/les-jardins-d-anna.fr\/index.php\/wp-json\/wp\/v2\/pages\/434\/revisions"}],"predecessor-version":[{"id":614,"href":"https:\/\/les-jardins-d-anna.fr\/index.php\/wp-json\/wp\/v2\/pages\/434\/revisions\/614"}],"wp:attachment":[{"href":"https:\/\/les-jardins-d-anna.fr\/index.php\/wp-json\/wp\/v2\/media?parent=434"}],"curies":[{"name":"wp","href":"https:\/\/api.w.org\/{rel}","templated":true}]}}